{"id":100,"date":"2020-02-22T17:21:24","date_gmt":"2020-02-22T17:21:24","guid":{"rendered":"https:\/\/www.waerk.de\/?page_id=100"},"modified":"2021-07-06T13:04:54","modified_gmt":"2021-07-06T11:04:54","slug":"imprint","status":"publish","type":"page","link":"https:\/\/waerk.de\/en\/imprint\/","title":{"rendered":"Imprint"},"content":{"rendered":"[vc_row full_width=&#8221;stretch_row&#8221; full_height=&#8221;yes&#8221; columns_placement=&#8221;top&#8221;][vc_column width=&#8221;1\/1&#8243;]<h2  class=\"h-custom-headline\" ><span>Our imprint &#8211; our home: Hamburg<\/span><\/h2>[vc_row_inner class=&#8221;contentbox&#8221;][vc_column_inner width=&#8221;1\/1&#8243;]<h3>Name, Legal Form and Registered Office<\/h3>\n<p>W\u00c6RK Rechtsanw\u00e4lte Borsutzky Rahden Br\u00fcgger Partnerschaft mbB (hereinafter referred to as &#8220;W\u00c6RK&#8221;) is a partnership with limited professional liability within the meaning of the German Partnership Act (Partnerschaftsgesellschaftsgesetz), registered in the Partnership Register of the Hamburg District Court under number PR 1316.<\/p>\n<p>Partners who are authorised to represent the Partnership: Prof. Dr. Andreas Borsutzky, J\u00f6rn J. Rahden und Daniel Br\u00fcgger<\/p>\n<h3>Registered Office of the Partnership<\/h3>\n<p>The registered office of the partnership is Hamburg, Rathausstra\u00dfe 12, 20095 Hamburg, telephone: +49 40 3346815-0, fax: +49 40 3346815-99, info@waerk.de.<\/p>\n<h3>Professional title and competent chambers<\/h3>\n<p>The attorneys of W\u00c6RK are admitted to practice under the laws of the Federal Republic of Germany. They are members of the<\/p>\n<p>Rechtsanwaltskammer Hamburg<br \/>\nValentinskamp 88<br \/>\n20355 Hamburg<br \/>\nTel.: +49 40 357441-0<br \/>\nFax: +49 40 357441-41<\/p>\n<h3>VAT Identification Number<\/h3>\n<p>The VAT identification number of W\u00c6RK: DE328578852<\/p>\n<h3>Professional Liability Insurance<\/h3>\n<p>There is a professional liability insurance with ERGO Versicherung AG &#8211; 40198 D\u00fcsseldorf.<\/p>\n<p>The insurance number is: SV 75180124-444.<\/p>\n<p>Lawyers of a partnership of lawyers with limited professional liability (Partnerschaftsgesellscaft von Rechtsanw\u00e4lten mit beschr\u00e4nkter Berufshaftung) are obliged to maintain a professional liability insurance with a minimum insurance sum of EUR 2,500,000.00. The details result from \u00a7 51a BRAO.<\/p>\n<h3>Applicable Professional Laws and Regulations<\/h3>\n<p>The principal rules and regulations governing the legal profession are:<\/p>\n<p>Federal Regulation for Attorneys (Bundesrechtsanwaltsordnung)<\/p>\n<ul>\n<li>Attorney Compensation Act (Rechtsanwaltsverg\u00fctungsgesetz)<\/li>\n<li>Professional Code of Conduct (Berufsordnung)<\/li>\n<li>Regulation on Certified Attorneys (Fachanwaltsordnung)<\/li>\n<li>Professional Code of Conduct for Attorneys in the European Union<\/li>\n<\/ul>\n<p>as amended from time to time.<\/p>\n<p>The professional laws and regulations can be viewed at the German Federal Bar Association (Bundesrechtsanwaltskammer) under www.brak.de.<\/p>\n<h3>Out-of-court dispute resolution<\/h3>\n<p>In the event of disputes between attorneys and their clients, there is the possibility of out-of-court dispute resolution upon request at the respective competent regional bar association (Section 73 (2) No. 3 in conjunction with Section 73 (5) BRAO) or at the arbitration board of the legal profession (Section 191f BRAO) at the Federal Bar Association (Schlichtungsstelle@brak.de).<\/p>\n<h3>Publisher<\/h3>\n<p>Publisher and responsible in the sense of the press law and the telemedia law:<\/p>\n<p>W\u00c6RK Rechtsanw\u00e4lte Borsutzky Rahden Br\u00fcgger Partnerschaft mbB<br \/>\nRA Daniel Br\u00fcgger<br \/>\nRathausstr. 12<br \/>\nD-20095 Hamburg<br \/>\nT: +49 40 3346815-0<br \/>\nF: +49 40 3346815-99<br \/>\nE: info@waerk.de<\/p>\n<h3>Design &amp; Implementation<\/h3>\n<p>Tania Elcome, Kreativ &amp; Art Direktorin, www.taniaelcome.de<br \/>\nMarkus Trbojevic, markus@markus-trbojevic.de<\/p>\n<p>All texts are protected by copyright. The publication, adoption or use of texts, images or other data requires the written consent of W\u00c6RK.<\/p>\n<h3>Notes on the use of data<\/h3>\n<p>We observe the provisions of the German Data Protection Regulation (DSGVO), the German Federal Data Protection Act (BDSG) and the German Telemedia Act (TMG). You can use our site in principle without the transmission of personal data. The information you voluntarily provide to us &#8211; e.g. by e-mail &#8211; will only be used to process your request. You can object to the use of your data at any time. Your data will not be passed on to third parties. The information found on the website www.waerk.de (e.g. postal and e-mail addresses) may not be used by third parties for advertising. We consider such use to be spamming and hereby object to it as a precautionary measure.<\/p>\n<h3>Disclaimer<\/h3>\n<p>The following applies to all links from the website www.waerk.de to other sites on the Internet:<\/p>\n<p>We have no influence whatsoever on the design and content of the pages linked to the www.waerk.de website. We therefore expressly distance ourselves from all content of all pages linked to the www.waerk.de website. This declaration applies to all links on our Internet pages and to all content to which these links lead. This website is for general information purposes and is expressly not intended to constitute legal advice. W\u00c6RK Attorneys at Law do not assume any liability for the correctness, completeness and up-to-dateness of the contents presented here.<\/p>\n<h3>Applicable Law<\/h3>\n<p>The legal information on this website (www.waerk.de) as well as any disputes arising in connection with the use of the site are subject to the laws of the Federal Republic of Germany.<\/p>\n[\/vc_column_inner][\/vc_row_inner][\/vc_column][\/vc_row]\n","protected":false},"excerpt":{"rendered":"<p>[vc_row full_width=&#8221;stretch_row&#8221; full_height=&#8221;yes&#8221; columns_placement=&#8221;top&#8221;][vc_column width=&#8221;1\/1&#8243;][vc_row_inner class=&#8221;contentbox&#8221;][vc_column_inner width=&#8221;1\/1&#8243;][\/vc_column_inner][\/vc_row_inner][\/vc_column][\/vc_row]<\/p>\n","protected":false},"author":1,"featured_media":0,"parent":0,"menu_order":0,"comment_status":"closed","ping_status":"closed","template":"template-fullwidth.php","meta":{"footnotes":""},"class_list":["post-100","page","type-page","status-publish","hentry","no-post-thumbnail"],"_links":{"self":[{"href":"https:\/\/waerk.de\/en\/wp-json\/wp\/v2\/pages\/100","targetHints":{"allow":["GET"]}}],"collection":[{"href":"https:\/\/waerk.de\/en\/wp-json\/wp\/v2\/pages"}],"about":[{"href":"https:\/\/waerk.de\/en\/wp-json\/wp\/v2\/types\/page"}],"author":[{"embeddable":true,"href":"https:\/\/waerk.de\/en\/wp-json\/wp\/v2\/users\/1"}],"replies":[{"embeddable":true,"href":"https:\/\/waerk.de\/en\/wp-json\/wp\/v2\/comments?post=100"}],"version-history":[{"count":2,"href":"https:\/\/waerk.de\/en\/wp-json\/wp\/v2\/pages\/100\/revisions"}],"predecessor-version":[{"id":475,"href":"https:\/\/waerk.de\/en\/wp-json\/wp\/v2\/pages\/100\/revisions\/475"}],"wp:attachment":[{"href":"https:\/\/waerk.de\/en\/wp-json\/wp\/v2\/media?parent=100"}],"curies":[{"name":"wp","href":"https:\/\/api.w.org\/{rel}","templated":true}]}}